{"id":261,"date":"2025-10-15T01:51:20","date_gmt":"2025-10-15T01:51:20","guid":{"rendered":"https:\/\/iroinstituto.org\/home\/?post_type=product&#038;p=261"},"modified":"2025-11-12T11:23:38","modified_gmt":"2025-11-12T17:23:38","slug":"como-gestionar-el-apetito-por-el-riesgo","status":"publish","type":"product","link":"https:\/\/iroinstituto.org\/home\/producto\/como-gestionar-el-apetito-por-el-riesgo\/","title":{"rendered":"Introducci\u00f3n a la Gesti\u00f3n de Crisis"},"content":{"rendered":"<p>De la teor\u00eda a la acci\u00f3n: dise\u00f1a e implementa un marco ERM s\u00f3lido en tu organizaci\u00f3n.<\/p>\n","protected":false},"excerpt":{"rendered":"<p>De la teor\u00eda a la acci\u00f3n: dise\u00f1a e implementa un marco ERM s\u00f3lido en tu organizaci\u00f3n.<\/p>\n","protected":false},"featured_media":265,"template":"","meta":{"_acf_changed":false},"product_brand":[],"product_cat":[38],"product_tag":[23],"class_list":{"0":"post-261","1":"product","2":"type-product","3":"status-publish","4":"has-post-thumbnail","6":"product_cat-asincronico-taller","7":"product_tag-gestion-de-crisis","9":"first","10":"instock","11":"sale","12":"taxable","13":"shipping-taxable","14":"purchasable","15":"product-type-simple"},"acf":[],"_links":{"self":[{"href":"https:\/\/iroinstituto.org\/home\/wp-json\/wp\/v2\/product\/261","targetHints":{"allow":["GET"]}}],"collection":[{"href":"https:\/\/iroinstituto.org\/home\/wp-json\/wp\/v2\/product"}],"about":[{"href":"https:\/\/iroinstituto.org\/home\/wp-json\/wp\/v2\/types\/product"}],"wp:featuredmedia":[{"embeddable":true,"href":"https:\/\/iroinstituto.org\/home\/wp-json\/wp\/v2\/media\/265"}],"wp:attachment":[{"href":"https:\/\/iroinstituto.org\/home\/wp-json\/wp\/v2\/media?parent=261"}],"wp:term":[{"taxonomy":"product_brand","embeddable":true,"href":"https:\/\/iroinstituto.org\/home\/wp-json\/wp\/v2\/product_brand?post=261"},{"taxonomy":"product_cat","embeddable":true,"href":"https:\/\/iroinstituto.org\/home\/wp-json\/wp\/v2\/product_cat?post=261"},{"taxonomy":"product_tag","embeddable":true,"href":"https:\/\/iroinstituto.org\/home\/wp-json\/wp\/v2\/product_tag?post=261"}],"curies":[{"name":"wp","href":"https:\/\/api.w.org\/{rel}","templated":true}]}}