{"id":537,"date":"2025-10-30T12:42:55","date_gmt":"2025-10-30T18:42:55","guid":{"rendered":"https:\/\/iroinstituto.org\/home\/?post_type=product&#038;p=537"},"modified":"2025-11-12T13:27:09","modified_gmt":"2025-11-12T19:27:09","slug":"iso-31010","status":"publish","type":"product","link":"https:\/\/iroinstituto.org\/home\/producto\/iso-31010\/","title":{"rendered":"T\u00e9cnicas de Evaluaci\u00f3n del Riesgo con base en ISO 31010:2019"},"content":{"rendered":"<p>Construye tu aprendizaje en Gesti\u00f3n del Riesgo<\/p>\n","protected":false},"excerpt":{"rendered":"<p>Construye tu aprendizaje en Gesti\u00f3n del Riesgo<\/p>\n","protected":false},"featured_media":538,"template":"","meta":{"_acf_changed":false},"product_brand":[],"product_cat":[34],"product_tag":[26],"class_list":{"0":"post-537","1":"product","2":"type-product","3":"status-publish","4":"has-post-thumbnail","6":"product_cat-micropracticas","7":"product_tag-gestion-del-riesgo","9":"first","10":"instock","11":"taxable","12":"shipping-taxable","13":"purchasable","14":"product-type-simple"},"acf":[],"_links":{"self":[{"href":"https:\/\/iroinstituto.org\/home\/wp-json\/wp\/v2\/product\/537","targetHints":{"allow":["GET"]}}],"collection":[{"href":"https:\/\/iroinstituto.org\/home\/wp-json\/wp\/v2\/product"}],"about":[{"href":"https:\/\/iroinstituto.org\/home\/wp-json\/wp\/v2\/types\/product"}],"wp:featuredmedia":[{"embeddable":true,"href":"https:\/\/iroinstituto.org\/home\/wp-json\/wp\/v2\/media\/538"}],"wp:attachment":[{"href":"https:\/\/iroinstituto.org\/home\/wp-json\/wp\/v2\/media?parent=537"}],"wp:term":[{"taxonomy":"product_brand","embeddable":true,"href":"https:\/\/iroinstituto.org\/home\/wp-json\/wp\/v2\/product_brand?post=537"},{"taxonomy":"product_cat","embeddable":true,"href":"https:\/\/iroinstituto.org\/home\/wp-json\/wp\/v2\/product_cat?post=537"},{"taxonomy":"product_tag","embeddable":true,"href":"https:\/\/iroinstituto.org\/home\/wp-json\/wp\/v2\/product_tag?post=537"}],"curies":[{"name":"wp","href":"https:\/\/api.w.org\/{rel}","templated":true}]}}