{"id":615,"date":"2025-11-07T10:05:47","date_gmt":"2025-11-07T16:05:47","guid":{"rendered":"https:\/\/iroinstituto.org\/home\/?post_type=product&#038;p=615"},"modified":"2025-11-11T12:27:01","modified_gmt":"2025-11-11T18:27:01","slug":"como-hacer-un-analisis-de-impacto-al-negocio-bia","status":"publish","type":"product","link":"https:\/\/iroinstituto.org\/home\/producto\/como-hacer-un-analisis-de-impacto-al-negocio-bia\/","title":{"rendered":"\u00bfC\u00f3mo hacer un An\u00e1lisis de Impacto al Negocio (BIA)?"},"content":{"rendered":"<p>Paso-a-paso c\u00f3mo ejecutar un An\u00e1lisis de Impacto al Negocio (BIA)<\/p>\n","protected":false},"excerpt":{"rendered":"<p>Paso-a-paso c\u00f3mo ejecutar un An\u00e1lisis de Impacto al Negocio (BIA)<\/p>\n","protected":false},"featured_media":618,"template":"","meta":{"_acf_changed":false},"product_brand":[],"product_cat":[34],"product_tag":[25],"class_list":{"0":"post-615","1":"product","2":"type-product","3":"status-publish","4":"has-post-thumbnail","6":"product_cat-micropracticas","7":"product_tag-continuidad-de-negocio","9":"first","10":"instock","11":"taxable","12":"shipping-taxable","13":"purchasable","14":"product-type-simple"},"acf":[],"_links":{"self":[{"href":"https:\/\/iroinstituto.org\/home\/wp-json\/wp\/v2\/product\/615","targetHints":{"allow":["GET"]}}],"collection":[{"href":"https:\/\/iroinstituto.org\/home\/wp-json\/wp\/v2\/product"}],"about":[{"href":"https:\/\/iroinstituto.org\/home\/wp-json\/wp\/v2\/types\/product"}],"wp:featuredmedia":[{"embeddable":true,"href":"https:\/\/iroinstituto.org\/home\/wp-json\/wp\/v2\/media\/618"}],"wp:attachment":[{"href":"https:\/\/iroinstituto.org\/home\/wp-json\/wp\/v2\/media?parent=615"}],"wp:term":[{"taxonomy":"product_brand","embeddable":true,"href":"https:\/\/iroinstituto.org\/home\/wp-json\/wp\/v2\/product_brand?post=615"},{"taxonomy":"product_cat","embeddable":true,"href":"https:\/\/iroinstituto.org\/home\/wp-json\/wp\/v2\/product_cat?post=615"},{"taxonomy":"product_tag","embeddable":true,"href":"https:\/\/iroinstituto.org\/home\/wp-json\/wp\/v2\/product_tag?post=615"}],"curies":[{"name":"wp","href":"https:\/\/api.w.org\/{rel}","templated":true}]}}