{"id":619,"date":"2025-11-07T10:19:00","date_gmt":"2025-11-07T16:19:00","guid":{"rendered":"https:\/\/iroinstituto.org\/home\/?post_type=product&#038;p=619"},"modified":"2025-11-11T12:24:25","modified_gmt":"2025-11-11T18:24:25","slug":"como-disenar-tu-drp-disaster-recovery-plan","status":"publish","type":"product","link":"https:\/\/iroinstituto.org\/home\/producto\/como-disenar-tu-drp-disaster-recovery-plan\/","title":{"rendered":"\u00bfC\u00f3mo dise\u00f1ar tu DRP (Disaster Recovery Plan)?"},"content":{"rendered":"<p><span class=\"selectable-text copyable-text xkrh14z\">C\u00f3mo hacer tu Plan DRP para Tecnolog\u00eda de la Informaci\u00f3n.<\/span><\/p>\n","protected":false},"excerpt":{"rendered":"<p>C\u00f3mo hacer tu Plan DRP para Tecnolog\u00eda de la Informaci\u00f3n.<\/p>\n","protected":false},"featured_media":620,"template":"","meta":{"_acf_changed":false},"product_brand":[],"product_cat":[34],"product_tag":[25],"class_list":{"0":"post-619","1":"product","2":"type-product","3":"status-publish","4":"has-post-thumbnail","6":"product_cat-micropracticas","7":"product_tag-continuidad-de-negocio","9":"first","10":"instock","11":"taxable","12":"shipping-taxable","13":"purchasable","14":"product-type-simple"},"acf":[],"_links":{"self":[{"href":"https:\/\/iroinstituto.org\/home\/wp-json\/wp\/v2\/product\/619","targetHints":{"allow":["GET"]}}],"collection":[{"href":"https:\/\/iroinstituto.org\/home\/wp-json\/wp\/v2\/product"}],"about":[{"href":"https:\/\/iroinstituto.org\/home\/wp-json\/wp\/v2\/types\/product"}],"wp:featuredmedia":[{"embeddable":true,"href":"https:\/\/iroinstituto.org\/home\/wp-json\/wp\/v2\/media\/620"}],"wp:attachment":[{"href":"https:\/\/iroinstituto.org\/home\/wp-json\/wp\/v2\/media?parent=619"}],"wp:term":[{"taxonomy":"product_brand","embeddable":true,"href":"https:\/\/iroinstituto.org\/home\/wp-json\/wp\/v2\/product_brand?post=619"},{"taxonomy":"product_cat","embeddable":true,"href":"https:\/\/iroinstituto.org\/home\/wp-json\/wp\/v2\/product_cat?post=619"},{"taxonomy":"product_tag","embeddable":true,"href":"https:\/\/iroinstituto.org\/home\/wp-json\/wp\/v2\/product_tag?post=619"}],"curies":[{"name":"wp","href":"https:\/\/api.w.org\/{rel}","templated":true}]}}