{"id":625,"date":"2025-11-07T10:54:03","date_gmt":"2025-11-07T16:54:03","guid":{"rendered":"https:\/\/iroinstituto.org\/home\/?post_type=product&#038;p=625"},"modified":"2025-11-11T12:06:13","modified_gmt":"2025-11-11T18:06:13","slug":"como-generar-valor-a-traves-del-diseno-de-estrategias-de-continuidad","status":"publish","type":"product","link":"https:\/\/iroinstituto.org\/home\/producto\/como-generar-valor-a-traves-del-diseno-de-estrategias-de-continuidad\/","title":{"rendered":"\u00bfC\u00f3mo generar valor a trav\u00e9s del dise\u00f1o de Estrategias de Continuidad?"},"content":{"rendered":"<p><span class=\"selectable-text copyable-text xkrh14z\">S\u00e9 un l\u00edder con herramientas clave para tu organizaci\u00f3n<\/span><\/p>\n","protected":false},"excerpt":{"rendered":"<p>S\u00e9 un l\u00edder con herramientas clave para tu organizaci\u00f3n<\/p>\n","protected":false},"featured_media":626,"template":"","meta":{"_acf_changed":false},"product_brand":[],"product_cat":[34],"product_tag":[25],"class_list":{"0":"post-625","1":"product","2":"type-product","3":"status-publish","4":"has-post-thumbnail","6":"product_cat-micropracticas","7":"product_tag-continuidad-de-negocio","9":"first","10":"instock","11":"taxable","12":"shipping-taxable","13":"purchasable","14":"product-type-simple"},"acf":[],"_links":{"self":[{"href":"https:\/\/iroinstituto.org\/home\/wp-json\/wp\/v2\/product\/625","targetHints":{"allow":["GET"]}}],"collection":[{"href":"https:\/\/iroinstituto.org\/home\/wp-json\/wp\/v2\/product"}],"about":[{"href":"https:\/\/iroinstituto.org\/home\/wp-json\/wp\/v2\/types\/product"}],"wp:featuredmedia":[{"embeddable":true,"href":"https:\/\/iroinstituto.org\/home\/wp-json\/wp\/v2\/media\/626"}],"wp:attachment":[{"href":"https:\/\/iroinstituto.org\/home\/wp-json\/wp\/v2\/media?parent=625"}],"wp:term":[{"taxonomy":"product_brand","embeddable":true,"href":"https:\/\/iroinstituto.org\/home\/wp-json\/wp\/v2\/product_brand?post=625"},{"taxonomy":"product_cat","embeddable":true,"href":"https:\/\/iroinstituto.org\/home\/wp-json\/wp\/v2\/product_cat?post=625"},{"taxonomy":"product_tag","embeddable":true,"href":"https:\/\/iroinstituto.org\/home\/wp-json\/wp\/v2\/product_tag?post=625"}],"curies":[{"name":"wp","href":"https:\/\/api.w.org\/{rel}","templated":true}]}}