{"id":627,"date":"2025-11-07T11:03:42","date_gmt":"2025-11-07T17:03:42","guid":{"rendered":"https:\/\/iroinstituto.org\/home\/?post_type=product&#038;p=627"},"modified":"2025-11-11T12:01:15","modified_gmt":"2025-11-11T18:01:15","slug":"como-aplicar-el-estandar-iso-22301-aunque-no-busque-la-certificacion","status":"publish","type":"product","link":"https:\/\/iroinstituto.org\/home\/producto\/como-aplicar-el-estandar-iso-22301-aunque-no-busque-la-certificacion\/","title":{"rendered":"\u00bfC\u00f3mo aplicar el est\u00e1ndar ISO 22301? Aunque no busque la certificaci\u00f3n"},"content":{"rendered":"<p><span class=\"selectable-text copyable-text xkrh14z\">Cumple tus objetivos aplicando el est\u00e1ndar ISO 22301<\/span><\/p>\n","protected":false},"excerpt":{"rendered":"<p>Cumple tus objetivos aplicando el est\u00e1ndar ISO 22301<\/p>\n","protected":false},"featured_media":628,"template":"","meta":{"_acf_changed":false},"product_brand":[],"product_cat":[34],"product_tag":[25],"class_list":{"0":"post-627","1":"product","2":"type-product","3":"status-publish","4":"has-post-thumbnail","6":"product_cat-micropracticas","7":"product_tag-continuidad-de-negocio","9":"first","10":"instock","11":"taxable","12":"shipping-taxable","13":"purchasable","14":"product-type-simple"},"acf":[],"_links":{"self":[{"href":"https:\/\/iroinstituto.org\/home\/wp-json\/wp\/v2\/product\/627","targetHints":{"allow":["GET"]}}],"collection":[{"href":"https:\/\/iroinstituto.org\/home\/wp-json\/wp\/v2\/product"}],"about":[{"href":"https:\/\/iroinstituto.org\/home\/wp-json\/wp\/v2\/types\/product"}],"wp:featuredmedia":[{"embeddable":true,"href":"https:\/\/iroinstituto.org\/home\/wp-json\/wp\/v2\/media\/628"}],"wp:attachment":[{"href":"https:\/\/iroinstituto.org\/home\/wp-json\/wp\/v2\/media?parent=627"}],"wp:term":[{"taxonomy":"product_brand","embeddable":true,"href":"https:\/\/iroinstituto.org\/home\/wp-json\/wp\/v2\/product_brand?post=627"},{"taxonomy":"product_cat","embeddable":true,"href":"https:\/\/iroinstituto.org\/home\/wp-json\/wp\/v2\/product_cat?post=627"},{"taxonomy":"product_tag","embeddable":true,"href":"https:\/\/iroinstituto.org\/home\/wp-json\/wp\/v2\/product_tag?post=627"}],"curies":[{"name":"wp","href":"https:\/\/api.w.org\/{rel}","templated":true}]}}