{"id":644,"date":"2025-11-10T15:35:31","date_gmt":"2025-11-10T21:35:31","guid":{"rendered":"https:\/\/iroinstituto.org\/home\/?post_type=product&#038;p=644"},"modified":"2025-11-11T11:46:00","modified_gmt":"2025-11-11T17:46:00","slug":"como-realizar-un-analisis-de-impacto-aplicativo-aia","status":"publish","type":"product","link":"https:\/\/iroinstituto.org\/home\/producto\/como-realizar-un-analisis-de-impacto-aplicativo-aia\/","title":{"rendered":"C\u00f3mo realizar un An\u00e1lisis de Impacto Aplicativo (AIA)"},"content":{"rendered":"<p>S\u00e9 un l\u00edder con herramientas clave para tu organizaci\u00f3n<\/p>\n","protected":false},"excerpt":{"rendered":"<p>S\u00e9 un l\u00edder con herramientas clave para tu organizaci\u00f3n<\/p>\n","protected":false},"featured_media":645,"template":"","meta":{"_acf_changed":false},"product_brand":[],"product_cat":[34],"product_tag":[25],"class_list":{"0":"post-644","1":"product","2":"type-product","3":"status-publish","4":"has-post-thumbnail","6":"product_cat-micropracticas","7":"product_tag-continuidad-de-negocio","9":"first","10":"instock","11":"taxable","12":"shipping-taxable","13":"purchasable","14":"product-type-simple"},"acf":[],"_links":{"self":[{"href":"https:\/\/iroinstituto.org\/home\/wp-json\/wp\/v2\/product\/644","targetHints":{"allow":["GET"]}}],"collection":[{"href":"https:\/\/iroinstituto.org\/home\/wp-json\/wp\/v2\/product"}],"about":[{"href":"https:\/\/iroinstituto.org\/home\/wp-json\/wp\/v2\/types\/product"}],"wp:featuredmedia":[{"embeddable":true,"href":"https:\/\/iroinstituto.org\/home\/wp-json\/wp\/v2\/media\/645"}],"wp:attachment":[{"href":"https:\/\/iroinstituto.org\/home\/wp-json\/wp\/v2\/media?parent=644"}],"wp:term":[{"taxonomy":"product_brand","embeddable":true,"href":"https:\/\/iroinstituto.org\/home\/wp-json\/wp\/v2\/product_brand?post=644"},{"taxonomy":"product_cat","embeddable":true,"href":"https:\/\/iroinstituto.org\/home\/wp-json\/wp\/v2\/product_cat?post=644"},{"taxonomy":"product_tag","embeddable":true,"href":"https:\/\/iroinstituto.org\/home\/wp-json\/wp\/v2\/product_tag?post=644"}],"curies":[{"name":"wp","href":"https:\/\/api.w.org\/{rel}","templated":true}]}}