{"id":646,"date":"2025-11-10T15:44:13","date_gmt":"2025-11-10T21:44:13","guid":{"rendered":"https:\/\/iroinstituto.org\/home\/?post_type=product&#038;p=646"},"modified":"2025-11-11T11:41:43","modified_gmt":"2025-11-11T17:41:43","slug":"principios-basicos-de-la-comunicacion-de-crisis","status":"publish","type":"product","link":"https:\/\/iroinstituto.org\/home\/producto\/principios-basicos-de-la-comunicacion-de-crisis\/","title":{"rendered":"Principios b\u00e1sicos de la Comunicaci\u00f3n de Crisis"},"content":{"rendered":"<p>Desarrolla tus habilidades en Comunicaci\u00f3n de Crisis<\/p>\n","protected":false},"excerpt":{"rendered":"<p>Desarrolla tus habilidades en Comunicaci\u00f3n de Crisis<\/p>\n","protected":false},"featured_media":648,"template":"","meta":{"_acf_changed":false},"product_brand":[],"product_cat":[34],"product_tag":[23],"class_list":{"0":"post-646","1":"product","2":"type-product","3":"status-publish","4":"has-post-thumbnail","6":"product_cat-micropracticas","7":"product_tag-gestion-de-crisis","9":"first","10":"instock","11":"taxable","12":"shipping-taxable","13":"purchasable","14":"product-type-simple"},"acf":[],"_links":{"self":[{"href":"https:\/\/iroinstituto.org\/home\/wp-json\/wp\/v2\/product\/646","targetHints":{"allow":["GET"]}}],"collection":[{"href":"https:\/\/iroinstituto.org\/home\/wp-json\/wp\/v2\/product"}],"about":[{"href":"https:\/\/iroinstituto.org\/home\/wp-json\/wp\/v2\/types\/product"}],"wp:featuredmedia":[{"embeddable":true,"href":"https:\/\/iroinstituto.org\/home\/wp-json\/wp\/v2\/media\/648"}],"wp:attachment":[{"href":"https:\/\/iroinstituto.org\/home\/wp-json\/wp\/v2\/media?parent=646"}],"wp:term":[{"taxonomy":"product_brand","embeddable":true,"href":"https:\/\/iroinstituto.org\/home\/wp-json\/wp\/v2\/product_brand?post=646"},{"taxonomy":"product_cat","embeddable":true,"href":"https:\/\/iroinstituto.org\/home\/wp-json\/wp\/v2\/product_cat?post=646"},{"taxonomy":"product_tag","embeddable":true,"href":"https:\/\/iroinstituto.org\/home\/wp-json\/wp\/v2\/product_tag?post=646"}],"curies":[{"name":"wp","href":"https:\/\/api.w.org\/{rel}","templated":true}]}}