{"id":649,"date":"2025-11-10T15:50:22","date_gmt":"2025-11-10T21:50:22","guid":{"rendered":"https:\/\/iroinstituto.org\/home\/?post_type=product&#038;p=649"},"modified":"2025-11-11T11:37:43","modified_gmt":"2025-11-11T17:37:43","slug":"que-es-la-comunicacion-de-crisis-y-por-que-es-clave","status":"publish","type":"product","link":"https:\/\/iroinstituto.org\/home\/producto\/que-es-la-comunicacion-de-crisis-y-por-que-es-clave\/","title":{"rendered":"\u00bfQu\u00e9 es la Comunicaci\u00f3n de Crisis y por qu\u00e9 es clave?"},"content":{"rendered":"<p>Desarrolla tus habilidades en Comunicaci\u00f3n de Crisis<\/p>\n","protected":false},"excerpt":{"rendered":"<p>Desarrolla tus habilidades en Comunicaci\u00f3n de Crisis<\/p>\n","protected":false},"featured_media":650,"template":"","meta":{"_acf_changed":false},"product_brand":[],"product_cat":[34],"product_tag":[23],"class_list":{"0":"post-649","1":"product","2":"type-product","3":"status-publish","4":"has-post-thumbnail","6":"product_cat-micropracticas","7":"product_tag-gestion-de-crisis","9":"first","10":"instock","11":"taxable","12":"shipping-taxable","13":"purchasable","14":"product-type-simple"},"acf":[],"_links":{"self":[{"href":"https:\/\/iroinstituto.org\/home\/wp-json\/wp\/v2\/product\/649","targetHints":{"allow":["GET"]}}],"collection":[{"href":"https:\/\/iroinstituto.org\/home\/wp-json\/wp\/v2\/product"}],"about":[{"href":"https:\/\/iroinstituto.org\/home\/wp-json\/wp\/v2\/types\/product"}],"wp:featuredmedia":[{"embeddable":true,"href":"https:\/\/iroinstituto.org\/home\/wp-json\/wp\/v2\/media\/650"}],"wp:attachment":[{"href":"https:\/\/iroinstituto.org\/home\/wp-json\/wp\/v2\/media?parent=649"}],"wp:term":[{"taxonomy":"product_brand","embeddable":true,"href":"https:\/\/iroinstituto.org\/home\/wp-json\/wp\/v2\/product_brand?post=649"},{"taxonomy":"product_cat","embeddable":true,"href":"https:\/\/iroinstituto.org\/home\/wp-json\/wp\/v2\/product_cat?post=649"},{"taxonomy":"product_tag","embeddable":true,"href":"https:\/\/iroinstituto.org\/home\/wp-json\/wp\/v2\/product_tag?post=649"}],"curies":[{"name":"wp","href":"https:\/\/api.w.org\/{rel}","templated":true}]}}