{"id":747,"date":"2025-11-12T13:13:18","date_gmt":"2025-11-12T19:13:18","guid":{"rendered":"https:\/\/iroinstituto.org\/home\/?post_type=product&#038;p=747"},"modified":"2025-11-12T13:16:58","modified_gmt":"2025-11-12T19:16:58","slug":"renovacion-certificacion-bc-22301-1-ano","status":"publish","type":"product","link":"https:\/\/iroinstituto.org\/home\/producto\/renovacion-certificacion-bc-22301-1-ano\/","title":{"rendered":"Renovaci\u00f3n certificaci\u00f3n BC-22301 (1 a\u00f1o)"},"content":{"rendered":"","protected":false},"excerpt":{"rendered":"","protected":false},"featured_media":748,"template":"","meta":{"_acf_changed":false},"product_brand":[],"product_cat":[42],"product_tag":[44],"class_list":{"0":"post-747","1":"product","2":"type-product","3":"status-publish","4":"has-post-thumbnail","6":"product_cat-renovacion-certificacion","7":"product_tag-renovaciones","9":"first","10":"instock","11":"taxable","12":"shipping-taxable","13":"purchasable","14":"product-type-simple"},"acf":[],"_links":{"self":[{"href":"https:\/\/iroinstituto.org\/home\/wp-json\/wp\/v2\/product\/747","targetHints":{"allow":["GET"]}}],"collection":[{"href":"https:\/\/iroinstituto.org\/home\/wp-json\/wp\/v2\/product"}],"about":[{"href":"https:\/\/iroinstituto.org\/home\/wp-json\/wp\/v2\/types\/product"}],"wp:featuredmedia":[{"embeddable":true,"href":"https:\/\/iroinstituto.org\/home\/wp-json\/wp\/v2\/media\/748"}],"wp:attachment":[{"href":"https:\/\/iroinstituto.org\/home\/wp-json\/wp\/v2\/media?parent=747"}],"wp:term":[{"taxonomy":"product_brand","embeddable":true,"href":"https:\/\/iroinstituto.org\/home\/wp-json\/wp\/v2\/product_brand?post=747"},{"taxonomy":"product_cat","embeddable":true,"href":"https:\/\/iroinstituto.org\/home\/wp-json\/wp\/v2\/product_cat?post=747"},{"taxonomy":"product_tag","embeddable":true,"href":"https:\/\/iroinstituto.org\/home\/wp-json\/wp\/v2\/product_tag?post=747"}],"curies":[{"name":"wp","href":"https:\/\/api.w.org\/{rel}","templated":true}]}}