{"id":760,"date":"2025-01-07T08:30:34","date_gmt":"2025-01-07T14:30:34","guid":{"rendered":"https:\/\/iroinstituto.org\/home\/?post_type=product&#038;p=760"},"modified":"2025-11-14T11:39:07","modified_gmt":"2025-11-14T17:39:07","slug":"taller-metricas-de-continuidad-de-negocio-julio","status":"publish","type":"product","link":"https:\/\/iroinstituto.org\/home\/producto\/taller-metricas-de-continuidad-de-negocio-julio\/","title":{"rendered":"Taller M\u00e9tricas de Continuidad de Negocio"},"content":{"rendered":"<p>Capacitar a profesionales en la implementaci\u00f3n de m\u00e9tricas de continuidad de negocio, mejorando la comunicaci\u00f3n y eficacia de sus programas.<\/p>\n","protected":false},"excerpt":{"rendered":"<p>Capacitar a profesionales en la implementaci\u00f3n de m\u00e9tricas de continuidad de negocio, mejorando la comunicaci\u00f3n y eficacia de sus programas.<\/p>\n","protected":false},"featured_media":266,"template":"","meta":{"_acf_changed":false},"product_brand":[33],"product_cat":[24],"product_tag":[25],"class_list":{"0":"post-760","1":"product","2":"type-product","3":"status-publish","4":"has-post-thumbnail","6":"product_brand-muestra-inicio","7":"product_cat-taller","8":"product_tag-continuidad-de-negocio","10":"first","11":"instock","12":"sale","13":"virtual","14":"taxable","15":"purchasable","16":"product-type-simple"},"acf":[],"_links":{"self":[{"href":"https:\/\/iroinstituto.org\/home\/wp-json\/wp\/v2\/product\/760","targetHints":{"allow":["GET"]}}],"collection":[{"href":"https:\/\/iroinstituto.org\/home\/wp-json\/wp\/v2\/product"}],"about":[{"href":"https:\/\/iroinstituto.org\/home\/wp-json\/wp\/v2\/types\/product"}],"wp:featuredmedia":[{"embeddable":true,"href":"https:\/\/iroinstituto.org\/home\/wp-json\/wp\/v2\/media\/266"}],"wp:attachment":[{"href":"https:\/\/iroinstituto.org\/home\/wp-json\/wp\/v2\/media?parent=760"}],"wp:term":[{"taxonomy":"product_brand","embeddable":true,"href":"https:\/\/iroinstituto.org\/home\/wp-json\/wp\/v2\/product_brand?post=760"},{"taxonomy":"product_cat","embeddable":true,"href":"https:\/\/iroinstituto.org\/home\/wp-json\/wp\/v2\/product_cat?post=760"},{"taxonomy":"product_tag","embeddable":true,"href":"https:\/\/iroinstituto.org\/home\/wp-json\/wp\/v2\/product_tag?post=760"}],"curies":[{"name":"wp","href":"https:\/\/api.w.org\/{rel}","templated":true}]}}