{"id":761,"date":"2025-01-09T08:32:40","date_gmt":"2025-01-09T14:32:40","guid":{"rendered":"https:\/\/iroinstituto.org\/home\/?post_type=product&#038;p=761"},"modified":"2025-11-14T11:33:10","modified_gmt":"2025-11-14T17:33:10","slug":"curso-de-certificacion-iso-31000-gestion-del-riesgo-octubre","status":"publish","type":"product","link":"https:\/\/iroinstituto.org\/home\/producto\/curso-de-certificacion-iso-31000-gestion-del-riesgo-octubre\/","title":{"rendered":"Curso de certificaci\u00f3n ISO 31000 Gesti\u00f3n del Riesgo"},"content":{"rendered":"<p>Aprende a aplicar ISO 31000 y certif\u00edcate en gesti\u00f3n del riesgo.<\/p>\n","protected":false},"excerpt":{"rendered":"<p>Aprende a aplicar ISO 31000 y certif\u00edcate en gesti\u00f3n del riesgo.<\/p>\n","protected":false},"featured_media":263,"template":"","meta":{"_acf_changed":false},"product_brand":[33],"product_cat":[21],"product_tag":[26],"class_list":{"0":"post-761","1":"product","2":"type-product","3":"status-publish","4":"has-post-thumbnail","6":"product_brand-muestra-inicio","7":"product_cat-certificacion","8":"product_tag-gestion-del-riesgo","10":"first","11":"instock","12":"sale","13":"featured","14":"taxable","15":"shipping-taxable","16":"purchasable","17":"product-type-simple"},"acf":[],"_links":{"self":[{"href":"https:\/\/iroinstituto.org\/home\/wp-json\/wp\/v2\/product\/761","targetHints":{"allow":["GET"]}}],"collection":[{"href":"https:\/\/iroinstituto.org\/home\/wp-json\/wp\/v2\/product"}],"about":[{"href":"https:\/\/iroinstituto.org\/home\/wp-json\/wp\/v2\/types\/product"}],"wp:featuredmedia":[{"embeddable":true,"href":"https:\/\/iroinstituto.org\/home\/wp-json\/wp\/v2\/media\/263"}],"wp:attachment":[{"href":"https:\/\/iroinstituto.org\/home\/wp-json\/wp\/v2\/media?parent=761"}],"wp:term":[{"taxonomy":"product_brand","embeddable":true,"href":"https:\/\/iroinstituto.org\/home\/wp-json\/wp\/v2\/product_brand?post=761"},{"taxonomy":"product_cat","embeddable":true,"href":"https:\/\/iroinstituto.org\/home\/wp-json\/wp\/v2\/product_cat?post=761"},{"taxonomy":"product_tag","embeddable":true,"href":"https:\/\/iroinstituto.org\/home\/wp-json\/wp\/v2\/product_tag?post=761"}],"curies":[{"name":"wp","href":"https:\/\/api.w.org\/{rel}","templated":true}]}}